{"id":111,"date":"2019-02-14T00:10:53","date_gmt":"2019-02-13T23:10:53","guid":{"rendered":"https:\/\/tienda.araecbd.shop\/blog\/?page_id=111"},"modified":"2019-02-14T00:21:20","modified_gmt":"2019-02-13T23:21:20","slug":"propiedades-del-cbd","status":"publish","type":"page","link":"https:\/\/araecbd.shop\/blog\/propiedades-del-cbd\/","title":{"rendered":"Propiedades del CBD"},"content":{"rendered":"<p>He aqu\u00ed un resumen del potencial valor medicinal del <span class=\"il\">CBD<\/span> y sus posibles derivados, hoy dia objeto de investigaci\u00f3n:<\/p>\n<ul>\n<li>Antiinflamatorio<\/li>\n<li>Antioxidante<\/li>\n<li>Neuroprotector<\/li>\n<li>Ansiolitico<\/li>\n<li>Antidepresivo<\/li>\n<li>Analg\u00e9sico<\/li>\n<li>Antitumoral por activaci\u00f3n de v\u00edas apopt\u00f3ticas<\/li>\n<li>Antipsic\u00f3tico<\/li>\n<\/ul>\n<p>El CBD se absorbe r\u00e1pidamente a trav\u00e9s de la mucosa bucal y se detecta en el plasma pasados 15 minutos despu\u00e9s de la primera toma.<\/p>\n<p>El CBD es metabolizado en el h\u00edgado, siendo metabolizado ampliamente dando lugar a m\u00e1s de 30 metabolitos en la orina.<\/p>\n<p>Al administrarse conjuntamente con alimentos, el metabolismo de estos hace aumentar unas tres veces la concentraci\u00f3n m\u00e1xima de CBD en el plasma (Cmax), adem\u00e1s de aumentar la duraci\u00f3n del CBD en la sangre como metabolito primario unas cinco veces por encima del valor en ayudas (par\u00e1metro AUC).<\/p>\n<p>Esto es muy importante a la hora de tener el cuenta la toma del CBD en ayunas o acompa\u00f1ado de la ingesta de alg\u00fan alimento.<\/p>\n<p>Existe un alto grado de variabilidad de estos par\u00e1metros entre diferentes personas, proporcionando valores muy dispares que tienen que ver con el peso de la persona, la edad, el sexo, y la gen\u00e9tica de la familia de enzimas que se encargan de metabolizar el CBD en el h\u00edgado, en concreto la familia de citocromos CYP3A4 y CYP2C19 del complejo enzim\u00e1tico P450.<\/p>\n<p>Es por esto que se presentan ciertas incompatibilidades en la toma del CBD conjuntamente con algunos medicamentos de prescripci\u00f3n siendo no recomendable su uso junto con los siguientes grupos terap\u00e9uticos:<\/p>\n<ul>\n<li>Antibi\u00f3ticos: Rifampicina, Ketoconazol, Itraconazol, Ritonavir, Claritromicina.<\/li>\n<li>Ansioliticos: Carbamazepina<\/li>\n<li>Antiepil\u00e9ptico: Fenito\u00edna, Fenobarbital.<\/li>\n<li>Antidepresivo herbal: Hierba de San Juan<\/li>\n<\/ul>\n","protected":false},"excerpt":{"rendered":"<p>He aqu\u00ed un resumen del potencial valor medicinal del CBD y sus posibles derivados, hoy dia objeto de investigaci\u00f3n: Antiinflamatorio Antioxidante Neuroprotector Ansiolitico Antidepresivo Analg\u00e9sico Antitumoral por activaci\u00f3n de v\u00edas &#8230; <\/p>\n<p class=\"read-more-container\"><a title=\"Propiedades del CBD\" class=\"read-more button\" href=\"https:\/\/araecbd.shop\/blog\/propiedades-del-cbd\/#more-111\" aria-label=\"Read more about Propiedades del CBD\">Read more<\/a><\/p>\n","protected":false},"author":1,"featured_media":0,"parent":0,"menu_order":50,"comment_status":"closed","ping_status":"closed","template":"","meta":{"_exactmetrics_skip_tracking":false,"_exactmetrics_sitenote_active":false,"_exactmetrics_sitenote_note":"","_exactmetrics_sitenote_category":0,"footnotes":""},"class_list":["post-111","page","type-page","status-publish"],"yoast_head":"<!-- This site is optimized with the Yoast SEO plugin v27.4 - https:\/\/yoast.com\/product\/yoast-seo-wordpress\/ -->\n<title>\u25b7 Descubre las propiedades CBD del cannabis<\/title>\n<meta name=\"description\" content=\"\u2705 Antiinflamatorio, antioxidante, neuroprotector, ansiolitico, antidepresivo, analg\u00e9sico, Antitumoral...\u00a1ACCEDE AQU\u00cd Y DESC\u00daBRELAS TODAS \u2705\" \/>\n<meta name=\"robots\" content=\"index, follow, max-snippet:-1, max-image-preview:large, max-video-preview:-1\" \/>\n<link rel=\"canonical\" href=\"https:\/\/araecbd.shop\/blog\/propiedades-del-cbd\/\" \/>\n<meta property=\"og:locale\" content=\"es_ES\" \/>\n<meta property=\"og:type\" content=\"article\" \/>\n<meta property=\"og:title\" content=\"\u25b7 Descubre las propiedades CBD del cannabis\" \/>\n<meta property=\"og:description\" content=\"\u2705 Antiinflamatorio, antioxidante, neuroprotector, ansiolitico, antidepresivo, analg\u00e9sico, Antitumoral...\u00a1ACCEDE AQU\u00cd Y DESC\u00daBRELAS TODAS \u2705\" \/>\n<meta property=\"og:url\" content=\"https:\/\/araecbd.shop\/blog\/propiedades-del-cbd\/\" \/>\n<meta property=\"og:site_name\" content=\"Arae CBD\" \/>\n<meta property=\"article:modified_time\" content=\"2019-02-13T23:21:20+00:00\" \/>\n<meta name=\"twitter:card\" content=\"summary_large_image\" \/>\n<meta name=\"twitter:label1\" content=\"Est. reading time\" \/>\n\t<meta name=\"twitter:data1\" content=\"1 minute\" \/>\n<script type=\"application\/ld+json\" class=\"yoast-schema-graph\">{\"@context\":\"https:\\\/\\\/schema.org\",\"@graph\":[{\"@type\":\"WebPage\",\"@id\":\"https:\\\/\\\/araecbd.shop\\\/blog\\\/propiedades-del-cbd\\\/\",\"url\":\"https:\\\/\\\/araecbd.shop\\\/blog\\\/propiedades-del-cbd\\\/\",\"name\":\"\u25b7 Descubre las propiedades CBD del cannabis\",\"isPartOf\":{\"@id\":\"https:\\\/\\\/araecbd.shop\\\/blog\\\/#website\"},\"datePublished\":\"2019-02-13T23:10:53+00:00\",\"dateModified\":\"2019-02-13T23:21:20+00:00\",\"description\":\"\u2705 Antiinflamatorio, antioxidante, neuroprotector, ansiolitico, antidepresivo, analg\u00e9sico, Antitumoral...\u00a1ACCEDE AQU\u00cd Y DESC\u00daBRELAS TODAS \u2705\",\"breadcrumb\":{\"@id\":\"https:\\\/\\\/araecbd.shop\\\/blog\\\/propiedades-del-cbd\\\/#breadcrumb\"},\"inLanguage\":\"es\",\"potentialAction\":[{\"@type\":\"ReadAction\",\"target\":[\"https:\\\/\\\/araecbd.shop\\\/blog\\\/propiedades-del-cbd\\\/\"]}]},{\"@type\":\"BreadcrumbList\",\"@id\":\"https:\\\/\\\/araecbd.shop\\\/blog\\\/propiedades-del-cbd\\\/#breadcrumb\",\"itemListElement\":[{\"@type\":\"ListItem\",\"position\":1,\"name\":\"Portada\",\"item\":\"https:\\\/\\\/araecbd.shop\\\/blog\\\/\"},{\"@type\":\"ListItem\",\"position\":2,\"name\":\"Propiedades del CBD\"}]},{\"@type\":\"WebSite\",\"@id\":\"https:\\\/\\\/araecbd.shop\\\/blog\\\/#website\",\"url\":\"https:\\\/\\\/araecbd.shop\\\/blog\\\/\",\"name\":\"Arae CBD\",\"description\":\"Tienda online de productos con CBD, aceites, cremas, e l\u00edquidos, c\u00e1\u00f1amo...\",\"publisher\":{\"@id\":\"https:\\\/\\\/araecbd.shop\\\/blog\\\/#organization\"},\"potentialAction\":[{\"@type\":\"SearchAction\",\"target\":{\"@type\":\"EntryPoint\",\"urlTemplate\":\"https:\\\/\\\/araecbd.shop\\\/blog\\\/?s={search_term_string}\"},\"query-input\":{\"@type\":\"PropertyValueSpecification\",\"valueRequired\":true,\"valueName\":\"search_term_string\"}}],\"inLanguage\":\"es\"},{\"@type\":\"Organization\",\"@id\":\"https:\\\/\\\/araecbd.shop\\\/blog\\\/#organization\",\"name\":\"Arae CBD\",\"url\":\"https:\\\/\\\/araecbd.shop\\\/blog\\\/\",\"logo\":{\"@type\":\"ImageObject\",\"inLanguage\":\"es\",\"@id\":\"https:\\\/\\\/araecbd.shop\\\/blog\\\/#\\\/schema\\\/logo\\\/image\\\/\",\"url\":\"https:\\\/\\\/araecbd.shop\\\/blog\\\/wp-content\\\/uploads\\\/arae-cbd-shop.png\",\"contentUrl\":\"https:\\\/\\\/araecbd.shop\\\/blog\\\/wp-content\\\/uploads\\\/arae-cbd-shop.png\",\"width\":385,\"height\":100,\"caption\":\"Arae CBD\"},\"image\":{\"@id\":\"https:\\\/\\\/araecbd.shop\\\/blog\\\/#\\\/schema\\\/logo\\\/image\\\/\"}}]}<\/script>\n<!-- \/ Yoast SEO plugin. -->","yoast_head_json":{"title":"\u25b7 Descubre las propiedades CBD del cannabis","description":"\u2705 Antiinflamatorio, antioxidante, neuroprotector, ansiolitico, antidepresivo, analg\u00e9sico, Antitumoral...\u00a1ACCEDE AQU\u00cd Y DESC\u00daBRELAS TODAS \u2705","robots":{"index":"index","follow":"follow","max-snippet":"max-snippet:-1","max-image-preview":"max-image-preview:large","max-video-preview":"max-video-preview:-1"},"canonical":"https:\/\/araecbd.shop\/blog\/propiedades-del-cbd\/","og_locale":"es_ES","og_type":"article","og_title":"\u25b7 Descubre las propiedades CBD del cannabis","og_description":"\u2705 Antiinflamatorio, antioxidante, neuroprotector, ansiolitico, antidepresivo, analg\u00e9sico, Antitumoral...\u00a1ACCEDE AQU\u00cd Y DESC\u00daBRELAS TODAS \u2705","og_url":"https:\/\/araecbd.shop\/blog\/propiedades-del-cbd\/","og_site_name":"Arae CBD","article_modified_time":"2019-02-13T23:21:20+00:00","twitter_card":"summary_large_image","twitter_misc":{"Est. reading time":"1 minute"},"schema":{"@context":"https:\/\/schema.org","@graph":[{"@type":"WebPage","@id":"https:\/\/araecbd.shop\/blog\/propiedades-del-cbd\/","url":"https:\/\/araecbd.shop\/blog\/propiedades-del-cbd\/","name":"\u25b7 Descubre las propiedades CBD del cannabis","isPartOf":{"@id":"https:\/\/araecbd.shop\/blog\/#website"},"datePublished":"2019-02-13T23:10:53+00:00","dateModified":"2019-02-13T23:21:20+00:00","description":"\u2705 Antiinflamatorio, antioxidante, neuroprotector, ansiolitico, antidepresivo, analg\u00e9sico, Antitumoral...\u00a1ACCEDE AQU\u00cd Y DESC\u00daBRELAS TODAS \u2705","breadcrumb":{"@id":"https:\/\/araecbd.shop\/blog\/propiedades-del-cbd\/#breadcrumb"},"inLanguage":"es","potentialAction":[{"@type":"ReadAction","target":["https:\/\/araecbd.shop\/blog\/propiedades-del-cbd\/"]}]},{"@type":"BreadcrumbList","@id":"https:\/\/araecbd.shop\/blog\/propiedades-del-cbd\/#breadcrumb","itemListElement":[{"@type":"ListItem","position":1,"name":"Portada","item":"https:\/\/araecbd.shop\/blog\/"},{"@type":"ListItem","position":2,"name":"Propiedades del CBD"}]},{"@type":"WebSite","@id":"https:\/\/araecbd.shop\/blog\/#website","url":"https:\/\/araecbd.shop\/blog\/","name":"Arae CBD","description":"Tienda online de productos con CBD, aceites, cremas, e l\u00edquidos, c\u00e1\u00f1amo...","publisher":{"@id":"https:\/\/araecbd.shop\/blog\/#organization"},"potentialAction":[{"@type":"SearchAction","target":{"@type":"EntryPoint","urlTemplate":"https:\/\/araecbd.shop\/blog\/?s={search_term_string}"},"query-input":{"@type":"PropertyValueSpecification","valueRequired":true,"valueName":"search_term_string"}}],"inLanguage":"es"},{"@type":"Organization","@id":"https:\/\/araecbd.shop\/blog\/#organization","name":"Arae CBD","url":"https:\/\/araecbd.shop\/blog\/","logo":{"@type":"ImageObject","inLanguage":"es","@id":"https:\/\/araecbd.shop\/blog\/#\/schema\/logo\/image\/","url":"https:\/\/araecbd.shop\/blog\/wp-content\/uploads\/arae-cbd-shop.png","contentUrl":"https:\/\/araecbd.shop\/blog\/wp-content\/uploads\/arae-cbd-shop.png","width":385,"height":100,"caption":"Arae CBD"},"image":{"@id":"https:\/\/araecbd.shop\/blog\/#\/schema\/logo\/image\/"}}]}},"_links":{"self":[{"href":"https:\/\/araecbd.shop\/blog\/wp-json\/wp\/v2\/pages\/111","targetHints":{"allow":["GET"]}}],"collection":[{"href":"https:\/\/araecbd.shop\/blog\/wp-json\/wp\/v2\/pages"}],"about":[{"href":"https:\/\/araecbd.shop\/blog\/wp-json\/wp\/v2\/types\/page"}],"author":[{"embeddable":true,"href":"https:\/\/araecbd.shop\/blog\/wp-json\/wp\/v2\/users\/1"}],"replies":[{"embeddable":true,"href":"https:\/\/araecbd.shop\/blog\/wp-json\/wp\/v2\/comments?post=111"}],"version-history":[{"count":1,"href":"https:\/\/araecbd.shop\/blog\/wp-json\/wp\/v2\/pages\/111\/revisions"}],"predecessor-version":[{"id":112,"href":"https:\/\/araecbd.shop\/blog\/wp-json\/wp\/v2\/pages\/111\/revisions\/112"}],"wp:attachment":[{"href":"https:\/\/araecbd.shop\/blog\/wp-json\/wp\/v2\/media?parent=111"}],"curies":[{"name":"wp","href":"https:\/\/api.w.org\/{rel}","templated":true}]}}