{"id":113,"date":"2019-02-14T00:11:45","date_gmt":"2019-02-13T23:11:45","guid":{"rendered":"https:\/\/tienda.araecbd.shop\/blog\/?page_id=113"},"modified":"2019-02-14T00:21:26","modified_gmt":"2019-02-13T23:21:26","slug":"efectos-secundarios-y-contraindicaciones","status":"publish","type":"page","link":"https:\/\/araecbd.shop\/blog\/efectos-secundarios-y-contraindicaciones\/","title":{"rendered":"Efectos secundarios y contraindicaciones"},"content":{"rendered":"<p>A pesar de numerosos estudios sobre una amplia variedad de dosis y formas de aplicaci\u00f3n del CBD, no se han descrito efectos secundarios.<\/p>\n<p>El CBD est\u00e1 contraindicado en los siguientes casos:<\/p>\n<ul>\n<li>Hipersensibilidad al CBD o alg\u00fan otro cannabinoide.<\/li>\n<li>Tratamiento con alg\u00fan f\u00e1rmaco antipsic\u00f3tico debido a enfermedad psiqui\u00e1trica grave.<\/li>\n<li>En mujeres embarazadas y\/o en periodo de lactancia.<\/li>\n<\/ul>\n<p>Un reciente informe de la OMS (organizaci\u00f3n mundial de la salud) afirma que el CBD es un producto con un elevado rango de seguridad y un alto valor fisiol\u00f3gico positivo.<\/p>\n<h2>\u00bfTe coloca el CBD?<\/h2>\n<p>No, el CDB no coloca. El CDB no es psicoactivo. En otras palabras, despu\u00e9s de usar el aceite de CBD, no experimentar\u00e1s cambios significativos en tu estado de \u00e1nimo, conciencia o estado mental, adem\u00e1s no produce efecto retirada si se consume CBD de un modo continuo y no genera ning\u00fan tipo de dependencia.<\/p>\n","protected":false},"excerpt":{"rendered":"<p>A pesar de numerosos estudios sobre una amplia variedad de dosis y formas de aplicaci\u00f3n del CBD, no se han descrito efectos secundarios. El CBD est\u00e1 contraindicado en los siguientes &#8230; <\/p>\n<p class=\"read-more-container\"><a title=\"Efectos secundarios y contraindicaciones\" class=\"read-more button\" href=\"https:\/\/araecbd.shop\/blog\/efectos-secundarios-y-contraindicaciones\/#more-113\" aria-label=\"Read more about Efectos secundarios y contraindicaciones\">Read more<\/a><\/p>\n","protected":false},"author":1,"featured_media":0,"parent":0,"menu_order":60,"comment_status":"closed","ping_status":"closed","template":"","meta":{"_exactmetrics_skip_tracking":false,"_exactmetrics_sitenote_active":false,"_exactmetrics_sitenote_note":"","_exactmetrics_sitenote_category":0,"footnotes":""},"class_list":["post-113","page","type-page","status-publish"],"yoast_head":"<!-- This site is optimized with the Yoast SEO plugin v27.4 - https:\/\/yoast.com\/product\/yoast-seo-wordpress\/ -->\n<title>\u25b7 Efectos secundarios y contraindicaciones del CBD<\/title>\n<meta name=\"description\" content=\"\u00bfSabes si el CBD coloca? \u26a1 \u00bfQuieres saber qu\u00e9 contraindicaciones puede causarte? \u270d Aqu\u00ed vas a salir de dudas seg\u00fan el informe de la OMS\" \/>\n<meta name=\"robots\" content=\"index, follow, max-snippet:-1, max-image-preview:large, max-video-preview:-1\" \/>\n<link rel=\"canonical\" href=\"https:\/\/araecbd.shop\/blog\/efectos-secundarios-y-contraindicaciones\/\" \/>\n<meta property=\"og:locale\" content=\"es_ES\" \/>\n<meta property=\"og:type\" content=\"article\" \/>\n<meta property=\"og:title\" content=\"\u25b7 Efectos secundarios y contraindicaciones del CBD\" \/>\n<meta property=\"og:description\" content=\"\u00bfSabes si el CBD coloca? \u26a1 \u00bfQuieres saber qu\u00e9 contraindicaciones puede causarte? \u270d Aqu\u00ed vas a salir de dudas seg\u00fan el informe de la OMS\" \/>\n<meta property=\"og:url\" content=\"https:\/\/araecbd.shop\/blog\/efectos-secundarios-y-contraindicaciones\/\" \/>\n<meta property=\"og:site_name\" content=\"Arae CBD\" \/>\n<meta property=\"article:modified_time\" content=\"2019-02-13T23:21:26+00:00\" \/>\n<meta name=\"twitter:card\" content=\"summary_large_image\" \/>\n<meta name=\"twitter:label1\" content=\"Est. reading time\" \/>\n\t<meta name=\"twitter:data1\" content=\"1 minute\" \/>\n<script type=\"application\/ld+json\" class=\"yoast-schema-graph\">{\"@context\":\"https:\\\/\\\/schema.org\",\"@graph\":[{\"@type\":\"WebPage\",\"@id\":\"https:\\\/\\\/araecbd.shop\\\/blog\\\/efectos-secundarios-y-contraindicaciones\\\/\",\"url\":\"https:\\\/\\\/araecbd.shop\\\/blog\\\/efectos-secundarios-y-contraindicaciones\\\/\",\"name\":\"\u25b7 Efectos secundarios y contraindicaciones del CBD\",\"isPartOf\":{\"@id\":\"https:\\\/\\\/araecbd.shop\\\/blog\\\/#website\"},\"datePublished\":\"2019-02-13T23:11:45+00:00\",\"dateModified\":\"2019-02-13T23:21:26+00:00\",\"description\":\"\u00bfSabes si el CBD coloca? \u26a1 \u00bfQuieres saber qu\u00e9 contraindicaciones puede causarte? \u270d Aqu\u00ed vas a salir de dudas seg\u00fan el informe de la OMS\",\"breadcrumb\":{\"@id\":\"https:\\\/\\\/araecbd.shop\\\/blog\\\/efectos-secundarios-y-contraindicaciones\\\/#breadcrumb\"},\"inLanguage\":\"es\",\"potentialAction\":[{\"@type\":\"ReadAction\",\"target\":[\"https:\\\/\\\/araecbd.shop\\\/blog\\\/efectos-secundarios-y-contraindicaciones\\\/\"]}]},{\"@type\":\"BreadcrumbList\",\"@id\":\"https:\\\/\\\/araecbd.shop\\\/blog\\\/efectos-secundarios-y-contraindicaciones\\\/#breadcrumb\",\"itemListElement\":[{\"@type\":\"ListItem\",\"position\":1,\"name\":\"Portada\",\"item\":\"https:\\\/\\\/araecbd.shop\\\/blog\\\/\"},{\"@type\":\"ListItem\",\"position\":2,\"name\":\"Efectos secundarios y contraindicaciones\"}]},{\"@type\":\"WebSite\",\"@id\":\"https:\\\/\\\/araecbd.shop\\\/blog\\\/#website\",\"url\":\"https:\\\/\\\/araecbd.shop\\\/blog\\\/\",\"name\":\"Arae CBD\",\"description\":\"Tienda online de productos con CBD, aceites, cremas, e l\u00edquidos, c\u00e1\u00f1amo...\",\"publisher\":{\"@id\":\"https:\\\/\\\/araecbd.shop\\\/blog\\\/#organization\"},\"potentialAction\":[{\"@type\":\"SearchAction\",\"target\":{\"@type\":\"EntryPoint\",\"urlTemplate\":\"https:\\\/\\\/araecbd.shop\\\/blog\\\/?s={search_term_string}\"},\"query-input\":{\"@type\":\"PropertyValueSpecification\",\"valueRequired\":true,\"valueName\":\"search_term_string\"}}],\"inLanguage\":\"es\"},{\"@type\":\"Organization\",\"@id\":\"https:\\\/\\\/araecbd.shop\\\/blog\\\/#organization\",\"name\":\"Arae CBD\",\"url\":\"https:\\\/\\\/araecbd.shop\\\/blog\\\/\",\"logo\":{\"@type\":\"ImageObject\",\"inLanguage\":\"es\",\"@id\":\"https:\\\/\\\/araecbd.shop\\\/blog\\\/#\\\/schema\\\/logo\\\/image\\\/\",\"url\":\"https:\\\/\\\/araecbd.shop\\\/blog\\\/wp-content\\\/uploads\\\/arae-cbd-shop.png\",\"contentUrl\":\"https:\\\/\\\/araecbd.shop\\\/blog\\\/wp-content\\\/uploads\\\/arae-cbd-shop.png\",\"width\":385,\"height\":100,\"caption\":\"Arae CBD\"},\"image\":{\"@id\":\"https:\\\/\\\/araecbd.shop\\\/blog\\\/#\\\/schema\\\/logo\\\/image\\\/\"}}]}<\/script>\n<!-- \/ Yoast SEO plugin. -->","yoast_head_json":{"title":"\u25b7 Efectos secundarios y contraindicaciones del CBD","description":"\u00bfSabes si el CBD coloca? \u26a1 \u00bfQuieres saber qu\u00e9 contraindicaciones puede causarte? \u270d Aqu\u00ed vas a salir de dudas seg\u00fan el informe de la OMS","robots":{"index":"index","follow":"follow","max-snippet":"max-snippet:-1","max-image-preview":"max-image-preview:large","max-video-preview":"max-video-preview:-1"},"canonical":"https:\/\/araecbd.shop\/blog\/efectos-secundarios-y-contraindicaciones\/","og_locale":"es_ES","og_type":"article","og_title":"\u25b7 Efectos secundarios y contraindicaciones del CBD","og_description":"\u00bfSabes si el CBD coloca? \u26a1 \u00bfQuieres saber qu\u00e9 contraindicaciones puede causarte? \u270d Aqu\u00ed vas a salir de dudas seg\u00fan el informe de la OMS","og_url":"https:\/\/araecbd.shop\/blog\/efectos-secundarios-y-contraindicaciones\/","og_site_name":"Arae CBD","article_modified_time":"2019-02-13T23:21:26+00:00","twitter_card":"summary_large_image","twitter_misc":{"Est. reading time":"1 minute"},"schema":{"@context":"https:\/\/schema.org","@graph":[{"@type":"WebPage","@id":"https:\/\/araecbd.shop\/blog\/efectos-secundarios-y-contraindicaciones\/","url":"https:\/\/araecbd.shop\/blog\/efectos-secundarios-y-contraindicaciones\/","name":"\u25b7 Efectos secundarios y contraindicaciones del CBD","isPartOf":{"@id":"https:\/\/araecbd.shop\/blog\/#website"},"datePublished":"2019-02-13T23:11:45+00:00","dateModified":"2019-02-13T23:21:26+00:00","description":"\u00bfSabes si el CBD coloca? \u26a1 \u00bfQuieres saber qu\u00e9 contraindicaciones puede causarte? \u270d Aqu\u00ed vas a salir de dudas seg\u00fan el informe de la OMS","breadcrumb":{"@id":"https:\/\/araecbd.shop\/blog\/efectos-secundarios-y-contraindicaciones\/#breadcrumb"},"inLanguage":"es","potentialAction":[{"@type":"ReadAction","target":["https:\/\/araecbd.shop\/blog\/efectos-secundarios-y-contraindicaciones\/"]}]},{"@type":"BreadcrumbList","@id":"https:\/\/araecbd.shop\/blog\/efectos-secundarios-y-contraindicaciones\/#breadcrumb","itemListElement":[{"@type":"ListItem","position":1,"name":"Portada","item":"https:\/\/araecbd.shop\/blog\/"},{"@type":"ListItem","position":2,"name":"Efectos secundarios y contraindicaciones"}]},{"@type":"WebSite","@id":"https:\/\/araecbd.shop\/blog\/#website","url":"https:\/\/araecbd.shop\/blog\/","name":"Arae CBD","description":"Tienda online de productos con CBD, aceites, cremas, e l\u00edquidos, c\u00e1\u00f1amo...","publisher":{"@id":"https:\/\/araecbd.shop\/blog\/#organization"},"potentialAction":[{"@type":"SearchAction","target":{"@type":"EntryPoint","urlTemplate":"https:\/\/araecbd.shop\/blog\/?s={search_term_string}"},"query-input":{"@type":"PropertyValueSpecification","valueRequired":true,"valueName":"search_term_string"}}],"inLanguage":"es"},{"@type":"Organization","@id":"https:\/\/araecbd.shop\/blog\/#organization","name":"Arae CBD","url":"https:\/\/araecbd.shop\/blog\/","logo":{"@type":"ImageObject","inLanguage":"es","@id":"https:\/\/araecbd.shop\/blog\/#\/schema\/logo\/image\/","url":"https:\/\/araecbd.shop\/blog\/wp-content\/uploads\/arae-cbd-shop.png","contentUrl":"https:\/\/araecbd.shop\/blog\/wp-content\/uploads\/arae-cbd-shop.png","width":385,"height":100,"caption":"Arae CBD"},"image":{"@id":"https:\/\/araecbd.shop\/blog\/#\/schema\/logo\/image\/"}}]}},"_links":{"self":[{"href":"https:\/\/araecbd.shop\/blog\/wp-json\/wp\/v2\/pages\/113","targetHints":{"allow":["GET"]}}],"collection":[{"href":"https:\/\/araecbd.shop\/blog\/wp-json\/wp\/v2\/pages"}],"about":[{"href":"https:\/\/araecbd.shop\/blog\/wp-json\/wp\/v2\/types\/page"}],"author":[{"embeddable":true,"href":"https:\/\/araecbd.shop\/blog\/wp-json\/wp\/v2\/users\/1"}],"replies":[{"embeddable":true,"href":"https:\/\/araecbd.shop\/blog\/wp-json\/wp\/v2\/comments?post=113"}],"version-history":[{"count":1,"href":"https:\/\/araecbd.shop\/blog\/wp-json\/wp\/v2\/pages\/113\/revisions"}],"predecessor-version":[{"id":114,"href":"https:\/\/araecbd.shop\/blog\/wp-json\/wp\/v2\/pages\/113\/revisions\/114"}],"wp:attachment":[{"href":"https:\/\/araecbd.shop\/blog\/wp-json\/wp\/v2\/media?parent=113"}],"curies":[{"name":"wp","href":"https:\/\/api.w.org\/{rel}","templated":true}]}}