{"id":117,"date":"2019-02-14T00:13:16","date_gmt":"2019-02-13T23:13:16","guid":{"rendered":"https:\/\/tienda.araecbd.shop\/blog\/?page_id=117"},"modified":"2019-02-14T00:21:38","modified_gmt":"2019-02-13T23:21:38","slug":"como-funciona-el-cbd","status":"publish","type":"page","link":"https:\/\/araecbd.shop\/blog\/como-funciona-el-cbd\/","title":{"rendered":"\u00bfC\u00f3mo funciona el CBD?"},"content":{"rendered":"<p>Como parte esencial de las gl\u00e1ndulas de resina (tricomas) de la planta femenina de cannabis, el CBD es uno de los m\u00e1s de 80 compuestos qu\u00edmicos conocidos como cannabinoides. Algunos cannabinoides son agonistas que se unen a receptores especiales en sus c\u00e9lulas, llamados receptores canabinoides, otros como el CBD, son m\u00e1s complicados de describir, ya que ejercen su acci\u00f3n sobre algunas de las familias de receptores menos conocidas.<\/p>\n<p>Ciertos receptores est\u00e1n fuertemente concentrados en el sistema nervioso central mientras que otros se encuentran en casi todos los \u00f3rganos del cuerpo. Los receptores de los canabinoides se encuentran incluso en la piel, el tracto digestivo e incluso en los \u00f3rganos reproductores.<\/p>\n<p>Puedes pensar en agonistas como unas \u201cllaves\u201d y receptores como sus \u201ccerraduras\u201d. Al consumir aceite de CBD est\u00e1s consumiendo agonistas que interact\u00faan con diferentes \u201ccerraduras\u201d en las c\u00e9lulas del organismo.<\/p>\n<p>Juntos, estos receptores celulares forman el conocido como sistema endocannabinoide (SEC).<\/p>\n<p>El SEC es una vasta red de prote\u00ednas receptoras celulares con muchas funciones. Algunos describen el SEC como el sistema neurotransmisor m\u00e1s grande del cuerpo.<\/p>\n<p>Algunas de las funciones descritas del SEC son:<\/p>\n<ul>\n<li>Modulaci\u00f3n del estado de \u00e1nimo.<\/li>\n<li>Memoria<\/li>\n<li>Control de la coordinaci\u00f3n motora<\/li>\n<li>Funci\u00f3n del sistema inmune<\/li>\n<li>Reproducci\u00f3n<\/li>\n<li>Percepci\u00f3n del dolor<\/li>\n<li>Apetito<\/li>\n<li>Sue\u00f1o<\/li>\n<li>Desarrollo \u00f3seo<\/li>\n<\/ul>\n<p>Cuatro prop\u00f3sitos primarios del SEC incluyen neuroprotecci\u00f3n, recuperaci\u00f3n del estr\u00e9s, equilibrio inmunol\u00f3gico y regulaci\u00f3n homeost\u00e1tica. El \u00faltimo es una forma elegante de referirse a un sistema que crea un equilibrio energ\u00e9tico \u00f3ptimo en el cuerpo.<\/p>\n<p>De alguna manera, el CBD parece aprovechar este sistema de equilibrio para producir sus efectos terap\u00e9uticos. El CBD es capaz de interactuar con las c\u00e9lulas de nuestro cuerpo debido a que la mol\u00e9cula tiene una estructura parecida a los agentes qu\u00edmicos que el organismo humano produce naturalmente, llamados endocannabinoides.<\/p>\n","protected":false},"excerpt":{"rendered":"<p>Como parte esencial de las gl\u00e1ndulas de resina (tricomas) de la planta femenina de cannabis, el CBD es uno de los m\u00e1s de 80 compuestos qu\u00edmicos conocidos como cannabinoides. Algunos &#8230; <\/p>\n<p class=\"read-more-container\"><a title=\"\u00bfC\u00f3mo funciona el CBD?\" class=\"read-more button\" href=\"https:\/\/araecbd.shop\/blog\/como-funciona-el-cbd\/#more-117\" aria-label=\"Read more about \u00bfC\u00f3mo funciona el CBD?\">Read more<\/a><\/p>\n","protected":false},"author":1,"featured_media":0,"parent":0,"menu_order":80,"comment_status":"closed","ping_status":"closed","template":"","meta":{"_exactmetrics_skip_tracking":false,"_exactmetrics_sitenote_active":false,"_exactmetrics_sitenote_note":"","_exactmetrics_sitenote_category":0,"footnotes":""},"class_list":["post-117","page","type-page","status-publish"],"yoast_head":"<!-- This site is optimized with the Yoast SEO plugin v27.4 - https:\/\/yoast.com\/product\/yoast-seo-wordpress\/ -->\n<title>\u25b7 Descubre c\u00f3mo funciona el CBD en nuestro cuerpo<\/title>\n<meta name=\"description\" content=\"Saber c\u00f3mo funciona el CBD (cannabidiol) en nuestro cuerpo es importante para entender sus beneficios. \ud83d\udc4c \u00a1TE LO CONTAMOS AQU\u00cd\" \/>\n<meta name=\"robots\" content=\"index, follow, max-snippet:-1, max-image-preview:large, max-video-preview:-1\" \/>\n<link rel=\"canonical\" href=\"https:\/\/araecbd.shop\/blog\/como-funciona-el-cbd\/\" \/>\n<meta property=\"og:locale\" content=\"es_ES\" \/>\n<meta property=\"og:type\" content=\"article\" \/>\n<meta property=\"og:title\" content=\"\u25b7 Descubre c\u00f3mo funciona el CBD en nuestro cuerpo\" \/>\n<meta property=\"og:description\" content=\"Saber c\u00f3mo funciona el CBD (cannabidiol) en nuestro cuerpo es importante para entender sus beneficios. \ud83d\udc4c \u00a1TE LO CONTAMOS AQU\u00cd\" \/>\n<meta property=\"og:url\" content=\"https:\/\/araecbd.shop\/blog\/como-funciona-el-cbd\/\" \/>\n<meta property=\"og:site_name\" content=\"Arae CBD\" \/>\n<meta property=\"article:modified_time\" content=\"2019-02-13T23:21:38+00:00\" \/>\n<meta name=\"twitter:card\" content=\"summary_large_image\" \/>\n<meta name=\"twitter:label1\" content=\"Est. reading time\" \/>\n\t<meta name=\"twitter:data1\" content=\"2 minutes\" \/>\n<script type=\"application\/ld+json\" class=\"yoast-schema-graph\">{\"@context\":\"https:\\\/\\\/schema.org\",\"@graph\":[{\"@type\":\"WebPage\",\"@id\":\"https:\\\/\\\/araecbd.shop\\\/blog\\\/como-funciona-el-cbd\\\/\",\"url\":\"https:\\\/\\\/araecbd.shop\\\/blog\\\/como-funciona-el-cbd\\\/\",\"name\":\"\u25b7 Descubre c\u00f3mo funciona el CBD en nuestro cuerpo\",\"isPartOf\":{\"@id\":\"https:\\\/\\\/araecbd.shop\\\/blog\\\/#website\"},\"datePublished\":\"2019-02-13T23:13:16+00:00\",\"dateModified\":\"2019-02-13T23:21:38+00:00\",\"description\":\"Saber c\u00f3mo funciona el CBD (cannabidiol) en nuestro cuerpo es importante para entender sus beneficios. \ud83d\udc4c \u00a1TE LO CONTAMOS AQU\u00cd\",\"breadcrumb\":{\"@id\":\"https:\\\/\\\/araecbd.shop\\\/blog\\\/como-funciona-el-cbd\\\/#breadcrumb\"},\"inLanguage\":\"es\",\"potentialAction\":[{\"@type\":\"ReadAction\",\"target\":[\"https:\\\/\\\/araecbd.shop\\\/blog\\\/como-funciona-el-cbd\\\/\"]}]},{\"@type\":\"BreadcrumbList\",\"@id\":\"https:\\\/\\\/araecbd.shop\\\/blog\\\/como-funciona-el-cbd\\\/#breadcrumb\",\"itemListElement\":[{\"@type\":\"ListItem\",\"position\":1,\"name\":\"Portada\",\"item\":\"https:\\\/\\\/araecbd.shop\\\/blog\\\/\"},{\"@type\":\"ListItem\",\"position\":2,\"name\":\"\u00bfC\u00f3mo funciona el CBD?\"}]},{\"@type\":\"WebSite\",\"@id\":\"https:\\\/\\\/araecbd.shop\\\/blog\\\/#website\",\"url\":\"https:\\\/\\\/araecbd.shop\\\/blog\\\/\",\"name\":\"Arae CBD\",\"description\":\"Tienda online de productos con CBD, aceites, cremas, e l\u00edquidos, c\u00e1\u00f1amo...\",\"publisher\":{\"@id\":\"https:\\\/\\\/araecbd.shop\\\/blog\\\/#organization\"},\"potentialAction\":[{\"@type\":\"SearchAction\",\"target\":{\"@type\":\"EntryPoint\",\"urlTemplate\":\"https:\\\/\\\/araecbd.shop\\\/blog\\\/?s={search_term_string}\"},\"query-input\":{\"@type\":\"PropertyValueSpecification\",\"valueRequired\":true,\"valueName\":\"search_term_string\"}}],\"inLanguage\":\"es\"},{\"@type\":\"Organization\",\"@id\":\"https:\\\/\\\/araecbd.shop\\\/blog\\\/#organization\",\"name\":\"Arae CBD\",\"url\":\"https:\\\/\\\/araecbd.shop\\\/blog\\\/\",\"logo\":{\"@type\":\"ImageObject\",\"inLanguage\":\"es\",\"@id\":\"https:\\\/\\\/araecbd.shop\\\/blog\\\/#\\\/schema\\\/logo\\\/image\\\/\",\"url\":\"https:\\\/\\\/araecbd.shop\\\/blog\\\/wp-content\\\/uploads\\\/arae-cbd-shop.png\",\"contentUrl\":\"https:\\\/\\\/araecbd.shop\\\/blog\\\/wp-content\\\/uploads\\\/arae-cbd-shop.png\",\"width\":385,\"height\":100,\"caption\":\"Arae CBD\"},\"image\":{\"@id\":\"https:\\\/\\\/araecbd.shop\\\/blog\\\/#\\\/schema\\\/logo\\\/image\\\/\"}}]}<\/script>\n<!-- \/ Yoast SEO plugin. -->","yoast_head_json":{"title":"\u25b7 Descubre c\u00f3mo funciona el CBD en nuestro cuerpo","description":"Saber c\u00f3mo funciona el CBD (cannabidiol) en nuestro cuerpo es importante para entender sus beneficios. \ud83d\udc4c \u00a1TE LO CONTAMOS AQU\u00cd","robots":{"index":"index","follow":"follow","max-snippet":"max-snippet:-1","max-image-preview":"max-image-preview:large","max-video-preview":"max-video-preview:-1"},"canonical":"https:\/\/araecbd.shop\/blog\/como-funciona-el-cbd\/","og_locale":"es_ES","og_type":"article","og_title":"\u25b7 Descubre c\u00f3mo funciona el CBD en nuestro cuerpo","og_description":"Saber c\u00f3mo funciona el CBD (cannabidiol) en nuestro cuerpo es importante para entender sus beneficios. \ud83d\udc4c \u00a1TE LO CONTAMOS AQU\u00cd","og_url":"https:\/\/araecbd.shop\/blog\/como-funciona-el-cbd\/","og_site_name":"Arae CBD","article_modified_time":"2019-02-13T23:21:38+00:00","twitter_card":"summary_large_image","twitter_misc":{"Est. reading time":"2 minutes"},"schema":{"@context":"https:\/\/schema.org","@graph":[{"@type":"WebPage","@id":"https:\/\/araecbd.shop\/blog\/como-funciona-el-cbd\/","url":"https:\/\/araecbd.shop\/blog\/como-funciona-el-cbd\/","name":"\u25b7 Descubre c\u00f3mo funciona el CBD en nuestro cuerpo","isPartOf":{"@id":"https:\/\/araecbd.shop\/blog\/#website"},"datePublished":"2019-02-13T23:13:16+00:00","dateModified":"2019-02-13T23:21:38+00:00","description":"Saber c\u00f3mo funciona el CBD (cannabidiol) en nuestro cuerpo es importante para entender sus beneficios. \ud83d\udc4c \u00a1TE LO CONTAMOS AQU\u00cd","breadcrumb":{"@id":"https:\/\/araecbd.shop\/blog\/como-funciona-el-cbd\/#breadcrumb"},"inLanguage":"es","potentialAction":[{"@type":"ReadAction","target":["https:\/\/araecbd.shop\/blog\/como-funciona-el-cbd\/"]}]},{"@type":"BreadcrumbList","@id":"https:\/\/araecbd.shop\/blog\/como-funciona-el-cbd\/#breadcrumb","itemListElement":[{"@type":"ListItem","position":1,"name":"Portada","item":"https:\/\/araecbd.shop\/blog\/"},{"@type":"ListItem","position":2,"name":"\u00bfC\u00f3mo funciona el CBD?"}]},{"@type":"WebSite","@id":"https:\/\/araecbd.shop\/blog\/#website","url":"https:\/\/araecbd.shop\/blog\/","name":"Arae CBD","description":"Tienda online de productos con CBD, aceites, cremas, e l\u00edquidos, c\u00e1\u00f1amo...","publisher":{"@id":"https:\/\/araecbd.shop\/blog\/#organization"},"potentialAction":[{"@type":"SearchAction","target":{"@type":"EntryPoint","urlTemplate":"https:\/\/araecbd.shop\/blog\/?s={search_term_string}"},"query-input":{"@type":"PropertyValueSpecification","valueRequired":true,"valueName":"search_term_string"}}],"inLanguage":"es"},{"@type":"Organization","@id":"https:\/\/araecbd.shop\/blog\/#organization","name":"Arae CBD","url":"https:\/\/araecbd.shop\/blog\/","logo":{"@type":"ImageObject","inLanguage":"es","@id":"https:\/\/araecbd.shop\/blog\/#\/schema\/logo\/image\/","url":"https:\/\/araecbd.shop\/blog\/wp-content\/uploads\/arae-cbd-shop.png","contentUrl":"https:\/\/araecbd.shop\/blog\/wp-content\/uploads\/arae-cbd-shop.png","width":385,"height":100,"caption":"Arae CBD"},"image":{"@id":"https:\/\/araecbd.shop\/blog\/#\/schema\/logo\/image\/"}}]}},"_links":{"self":[{"href":"https:\/\/araecbd.shop\/blog\/wp-json\/wp\/v2\/pages\/117","targetHints":{"allow":["GET"]}}],"collection":[{"href":"https:\/\/araecbd.shop\/blog\/wp-json\/wp\/v2\/pages"}],"about":[{"href":"https:\/\/araecbd.shop\/blog\/wp-json\/wp\/v2\/types\/page"}],"author":[{"embeddable":true,"href":"https:\/\/araecbd.shop\/blog\/wp-json\/wp\/v2\/users\/1"}],"replies":[{"embeddable":true,"href":"https:\/\/araecbd.shop\/blog\/wp-json\/wp\/v2\/comments?post=117"}],"version-history":[{"count":1,"href":"https:\/\/araecbd.shop\/blog\/wp-json\/wp\/v2\/pages\/117\/revisions"}],"predecessor-version":[{"id":118,"href":"https:\/\/araecbd.shop\/blog\/wp-json\/wp\/v2\/pages\/117\/revisions\/118"}],"wp:attachment":[{"href":"https:\/\/araecbd.shop\/blog\/wp-json\/wp\/v2\/media?parent=117"}],"curies":[{"name":"wp","href":"https:\/\/api.w.org\/{rel}","templated":true}]}}